{"id":1124,"date":"2018-01-17T10:26:08","date_gmt":"2018-01-17T08:26:08","guid":{"rendered":"https:\/\/geospatial-akademie.visual-image.de\/?page_id=1124"},"modified":"2018-05-31T23:08:24","modified_gmt":"2018-05-31T21:08:24","slug":"trimble-business-center","status":"publish","type":"page","link":"https:\/\/geospatial-akademie.visual-image.de\/index.php\/webseminar\/trimble-business-center\/","title":{"rendered":"Trimble Business Center"},"content":{"rendered":"<div id='layer_slider_1'  class='avia-layerslider main_color avia-shadow  avia-builder-el-0  el_before_av_two_third  avia-builder-el-first  container_wrap sidebar_right'  style='height: 151px; max-width: 1140px; margin: 0 auto;'  ><\/div><div id='after_layer_slider_1'  class='main_color av_default_container_wrap container_wrap sidebar_right'  ><div class='container av-section-cont-open' ><div class='template-page content  av-content-small alpha units'><div class='post-entry post-entry-type-page post-entry-1124'><div class='entry-content-wrapper clearfix'>\n\n<style type=\"text\/css\" data-created_by=\"avia_inline_auto\" id=\"style-css-av-av_two_third-6126cab7d8fab8d08143dd2dacdf673c\">\n.flex_column.av-av_two_third-6126cab7d8fab8d08143dd2dacdf673c{\nborder-radius:0px 0px 0px 0px;\npadding:0px 0px 0px 0px;\n}\n<\/style>\n<div  class='flex_column av-av_two_third-6126cab7d8fab8d08143dd2dacdf673c av_two_third  avia-builder-el-1  el_after_av_layerslider  el_before_av_one_third  avia-builder-el-first  first flex_column_div av-zero-column-padding  '     ><section  class='av_textblock_section av-av_textblock-0366cc7376be6c9e82a3e9cc8987b64f '   itemscope=\"itemscope\" itemtype=\"https:\/\/schema.org\/CreativeWork\" ><div class='avia_textblock'  itemprop=\"text\" ><h1><span style=\"color: #1d5693;\">Trimble Business Center \u2013 Grundlagen<\/span><\/h1>\n<p><strong>Beschreibung:<\/strong><\/p>\n<p>Trimble Business Center ist die Plattform, welche die Auswertung von Messungen unterschiedlicher Trimble Sensoren unterst\u00fctzt. Dar\u00fcber hinaus unterst\u00fctzt sie den Datenaustausch zwischen den Sensoren und verschiedenen B\u00fcrol\u00f6sungen. Im Rahmen dieses Webinars erlernen Sie den Umgang mit der Projektverwaltung, die Vorbereitung von Messprojekten f\u00fcr den Au\u00dfendienst bis hin zur Auswertung der im Feld erzeugten Daten. Sie k\u00f6nnen gerne w\u00e4hrend des Webinars spezielle, Ihnen wichtige Themen einbringen.<\/p>\n<p><strong>Inhalte:<\/strong><\/p>\n<ul>\n<li>Messprojekte vorbereiten<\/li>\n<li>Auswertung unterschiedlicher Messdaten (GNSS, Tachymeter)<\/li>\n<li>Aufbau einer Projektverwaltung<\/li>\n<li>Datenaustausch mit den unterschiedlichen Feldrechnern<\/li>\n<li>Dokumentation \/ Messprotokolle<\/li>\n<li>Arbeiten mit der Schnittstelle \/ Datenkonvertierung \/ Import-Export<\/li>\n<li>Zeichen- und Rechenfunktionen<\/li>\n<li>Verarbeiten und Anwenden von Merkmalsbibliotheken \/ Feature Coding<\/li>\n<\/ul>\n<p><strong>Nutzen:<\/strong><\/p>\n<ul>\n<li>Sicherheit im Umgang mit der Software f\u00fcr Anwender mit ersten Erfahrungen in TBC<\/li>\n<li>Schnelle Einarbeitung neuer Mitarbeiter<\/li>\n<li>Optimierte Einbindung von TBC in den Workflow<\/li>\n<li>Integration von IS-Messungen im Au\u00dfendienst<\/li>\n<\/ul>\n<\/div><\/section><\/div>\n<style type=\"text\/css\" data-created_by=\"avia_inline_auto\" id=\"style-css-av-av_one_third-0aa7055fe62c3622faec82866afbaeb2\">\n.flex_column.av-av_one_third-0aa7055fe62c3622faec82866afbaeb2{\nborder-radius:0px 0px 0px 0px;\npadding:0px 0px 0px 0px;\n}\n<\/style>\n<div  class='flex_column av-av_one_third-0aa7055fe62c3622faec82866afbaeb2 av_one_third  avia-builder-el-3  el_after_av_two_third  avia-builder-el-last  flex_column_div av-zero-column-padding  '     ><div  class='tabcontainer av-av_tab_container-0bacd910096d11a3cec6dfb538798966 top_tab  avia-builder-el-4  avia-builder-el-no-sibling ' role='tablist'>\n<section class='av_tab_section av_tab_section av-av_tab-70a6e5f303c8366ec5cd31a4d1f3b27b'  itemscope=\"itemscope\" itemtype=\"https:\/\/schema.org\/CreativeWork\" ><div class='tab active_tab' role='tab' tabindex='0' data-fake-id='#tab-id-1' aria-controls='tab-id-1-content'  itemprop=\"headline\" ><span class='tab_icon' aria-hidden='true' data-av_icon='\ue81e' data-av_iconfont='entypo-fontello'><\/span>\u00dcbersicht<\/div><div id='tab-id-1-content' class='tab_content active_tab_content' aria-hidden=\"false\"><div class='tab_inner_content invers-color'  itemprop=\"text\" ><p><strong>Kosten:<\/strong><\/p>\n<p>Diese Schulung ist kostenfrei.<\/p>\n<p><strong>Teilnehmer:<\/strong><\/p>\n<p>Maximal 20 Teilnehmer.<\/p>\n<\/div><\/div><\/section>\n<section class='av_tab_section av_tab_section av-av_tab-344ed912c44046142b238f7f03f5a2cd'  itemscope=\"itemscope\" itemtype=\"https:\/\/schema.org\/CreativeWork\" ><div class='tab' role='tab' tabindex='0' data-fake-id='#tab-id-2' aria-controls='tab-id-2-content'  itemprop=\"headline\" ><span class='tab_icon' aria-hidden='true' data-av_icon='\ue85b' data-av_iconfont='entypo-fontello'><\/span>Termine<\/div><div id='tab-id-2-content' class='tab_content' aria-hidden=\"true\"><div class='tab_inner_content invers-color'  itemprop=\"text\" ><p>[events_show category=&#8220;15&#8243;]<\/p>\n<p>Gerne unterbreiten wir Ihnen auch ein Angebot f\u00fcr einen Workshop in Ihrem Unternehmen. Treten Sie mit uns in Kontakt.<\/p>\n<\/div><\/div><\/section>\n<section class='av_tab_section av_tab_section av-av_tab-24b3eddfb57e7e34701d03403bb4f46e'  itemscope=\"itemscope\" itemtype=\"https:\/\/schema.org\/CreativeWork\" ><div class='tab' role='tab' tabindex='0' data-fake-id='#tab-id-3' aria-controls='tab-id-3-content'  itemprop=\"headline\" ><span class='tab_icon' aria-hidden='true' data-av_icon='\ue80a' data-av_iconfont='entypo-fontello'><\/span>Referent<\/div><div id='tab-id-3-content' class='tab_content' aria-hidden=\"true\"><div class='tab_inner_content invers-color'  itemprop=\"text\" ><ul>\n<li>Sandro M\u00fcller<\/li>\n<\/ul>\n<\/div><\/div><\/section>\n<\/div><\/div><\/p>\n","protected":false},"excerpt":{"rendered":"","protected":false},"author":5,"featured_media":0,"parent":850,"menu_order":0,"comment_status":"closed","ping_status":"closed","template":"","meta":{"footnotes":""},"class_list":["post-1124","page","type-page","status-publish","hentry"],"_links":{"self":[{"href":"https:\/\/geospatial-akademie.visual-image.de\/index.php\/wp-json\/wp\/v2\/pages\/1124","targetHints":{"allow":["GET"]}}],"collection":[{"href":"https:\/\/geospatial-akademie.visual-image.de\/index.php\/wp-json\/wp\/v2\/pages"}],"about":[{"href":"https:\/\/geospatial-akademie.visual-image.de\/index.php\/wp-json\/wp\/v2\/types\/page"}],"author":[{"embeddable":true,"href":"https:\/\/geospatial-akademie.visual-image.de\/index.php\/wp-json\/wp\/v2\/users\/5"}],"replies":[{"embeddable":true,"href":"https:\/\/geospatial-akademie.visual-image.de\/index.php\/wp-json\/wp\/v2\/comments?post=1124"}],"version-history":[{"count":9,"href":"https:\/\/geospatial-akademie.visual-image.de\/index.php\/wp-json\/wp\/v2\/pages\/1124\/revisions"}],"predecessor-version":[{"id":1217,"href":"https:\/\/geospatial-akademie.visual-image.de\/index.php\/wp-json\/wp\/v2\/pages\/1124\/revisions\/1217"}],"up":[{"embeddable":true,"href":"https:\/\/geospatial-akademie.visual-image.de\/index.php\/wp-json\/wp\/v2\/pages\/850"}],"wp:attachment":[{"href":"https:\/\/geospatial-akademie.visual-image.de\/index.php\/wp-json\/wp\/v2\/media?parent=1124"}],"curies":[{"name":"wp","href":"https:\/\/api.w.org\/{rel}","templated":true}]}}