{"id":12,"date":"2013-10-21T23:39:31","date_gmt":"2013-10-21T21:39:31","guid":{"rendered":"http:\/\/wordpress.p206744.webspaceconfig.de\/?page_id=12"},"modified":"2016-01-19T11:14:47","modified_gmt":"2016-01-19T09:14:47","slug":"workshops","status":"publish","type":"page","link":"https:\/\/geospatial-akademie.visual-image.de\/index.php\/workshops\/","title":{"rendered":"Workshop"},"content":{"rendered":"<div id='layer_slider_1'  class='avia-layerslider main_color avia-shadow  avia-builder-el-0  el_before_av_one_full  avia-builder-el-first  container_wrap sidebar_right'  style='height: 401px; max-width: 1130px; margin: 0 auto;'  ><\/div><div id='after_layer_slider_1'  class='main_color av_default_container_wrap container_wrap sidebar_right'  ><div class='container av-section-cont-open' ><div class='template-page content  av-content-small alpha units'><div class='post-entry post-entry-type-page post-entry-12'><div class='entry-content-wrapper clearfix'>\n<div  class='flex_column av-av_one_full-2a9015ff38129c418a3f2eafba3e9512 av_one_full  avia-builder-el-1  el_after_av_layerslider  avia-builder-el-no-sibling  first flex_column_div  '     ><section  class='av_textblock_section av-av_textblock-aaf3a53f7e22769a7798f31e42769683 '   itemscope=\"itemscope\" itemtype=\"https:\/\/schema.org\/CreativeWork\" ><div class='avia_textblock'  itemprop=\"text\" ><h1><span style=\"color: #1d5693;\">Workshop<\/span><\/h1>\n<p>In unseren Workshops erfahren Sie alles \u00fcber neue Technologien und L\u00f6sungen. Lernen Sie diese in unseren Workshops kennen und machen Sie Ihre pers\u00f6nliche Erfahrungen damit.<\/p>\n<p>Nehmen Sie mit uns <a title=\"Kontakt\" href=\"https:\/\/geospatial-akademie.visual-image.de\/?page_id=18\">Kontakt<\/a> auf. Wir unterbreiten Ihnen gerne ein Angebot.<\/p>\n<\/div><\/section><\/div>\n","protected":false},"excerpt":{"rendered":"","protected":false},"author":2,"featured_media":0,"parent":0,"menu_order":0,"comment_status":"open","ping_status":"closed","template":"","meta":{"footnotes":""},"class_list":["post-12","page","type-page","status-publish","hentry"],"_links":{"self":[{"href":"https:\/\/geospatial-akademie.visual-image.de\/index.php\/wp-json\/wp\/v2\/pages\/12","targetHints":{"allow":["GET"]}}],"collection":[{"href":"https:\/\/geospatial-akademie.visual-image.de\/index.php\/wp-json\/wp\/v2\/pages"}],"about":[{"href":"https:\/\/geospatial-akademie.visual-image.de\/index.php\/wp-json\/wp\/v2\/types\/page"}],"author":[{"embeddable":true,"href":"https:\/\/geospatial-akademie.visual-image.de\/index.php\/wp-json\/wp\/v2\/users\/2"}],"replies":[{"embeddable":true,"href":"https:\/\/geospatial-akademie.visual-image.de\/index.php\/wp-json\/wp\/v2\/comments?post=12"}],"version-history":[{"count":21,"href":"https:\/\/geospatial-akademie.visual-image.de\/index.php\/wp-json\/wp\/v2\/pages\/12\/revisions"}],"predecessor-version":[{"id":872,"href":"https:\/\/geospatial-akademie.visual-image.de\/index.php\/wp-json\/wp\/v2\/pages\/12\/revisions\/872"}],"wp:attachment":[{"href":"https:\/\/geospatial-akademie.visual-image.de\/index.php\/wp-json\/wp\/v2\/media?parent=12"}],"curies":[{"name":"wp","href":"https:\/\/api.w.org\/{rel}","templated":true}]}}