{"id":1231,"date":"2019-08-15T10:17:29","date_gmt":"2019-08-15T08:17:29","guid":{"rendered":"https:\/\/geospatial-akademie.visual-image.de\/?page_id=1231"},"modified":"2019-08-15T10:52:58","modified_gmt":"2019-08-15T08:52:58","slug":"massendatenerfassung-teil-1-aussendienst","status":"publish","type":"page","link":"https:\/\/geospatial-akademie.visual-image.de\/index.php\/workshops\/massendatenerfassung-teil-1-aussendienst\/","title":{"rendered":"Trimble SX10 und Access 2019 &#8211; Teil 1 Au\u00dfendienst"},"content":{"rendered":"<div id='layer_slider_1'  class='avia-layerslider main_color avia-shadow  avia-builder-el-0  el_before_av_two_third  avia-builder-el-first  container_wrap sidebar_right'  style='height: 151px; max-width: 1140px; margin: 0 auto;'  ><\/div><div id='after_layer_slider_1'  class='main_color av_default_container_wrap container_wrap sidebar_right'  ><div class='container av-section-cont-open' ><div class='template-page content  av-content-small alpha units'><div class='post-entry post-entry-type-page post-entry-1231'><div class='entry-content-wrapper clearfix'>\n\n<style type=\"text\/css\" data-created_by=\"avia_inline_auto\" id=\"style-css-av-bzm7y7-a216d51d4cc856bf7a74bc555545d25e\">\n.flex_column.av-bzm7y7-a216d51d4cc856bf7a74bc555545d25e{\nborder-radius:0px 0px 0px 0px;\npadding:0px 0px 0px 0px;\n}\n<\/style>\n<div  class='flex_column av-bzm7y7-a216d51d4cc856bf7a74bc555545d25e av_two_third  avia-builder-el-1  el_after_av_layerslider  el_before_av_one_third  avia-builder-el-first  first flex_column_div av-zero-column-padding  '     ><section  class='av_textblock_section av-aksg1b-9bff3939a0e54ff772a65656cc7088e6 '   itemscope=\"itemscope\" itemtype=\"https:\/\/schema.org\/CreativeWork\" ><div class='avia_textblock'  itemprop=\"text\" ><h1>Massendatenerfassung mit der Trimble SX10 und Access 2019 &#8211; Teil 1 Au\u00dfendienst<\/h1>\n<p><strong>Beschreibung<\/strong><strong>:<\/strong><\/p>\n<p>Mit dem Einsatz der Trimble SX10 Scanning-Totalstation als hybrides Erfassungssystem ergeben sich neue M\u00f6glichkeiten der Datenerfassung, Auswertung und Analyse.<\/p>\n<p>In diesem Workshop lernen Sie die M\u00f6glichkeiten der kombinierten Datenerfassung von Einzelpunkten, Messbildern und Punktwolken mit der neuen Trimble SX10 Scanning Totalstation im Feld kennen. In diesem Rahmen werden Ihnen auch die M\u00f6glichkeiten mit der neuen Version der Trimble Access Feldsoftware n\u00e4her gebracht. Sie erhalten sowohl einen \u00dcberblick als auch Tipps und Kniffe zur Bedienung des Gesamtsystems im Au\u00dfendienst.<\/p>\n<p><strong>Inhalte<\/strong><strong>:<\/strong><\/p>\n<p>Trimble Access Feldsoftware 2019<\/p>\n<ul>\n<li>Neue Oberfl\u00e4che<\/li>\n<li>Kartiercodes\/CAD-Funktionalit\u00e4ten<\/li>\n<li>BIM-Modelle<\/li>\n<li>WMS Dienste<\/li>\n<li>Trimble Connect Datensynchronisation Feld &lt;&gt; B\u00fcro<\/li>\n<\/ul>\n<p>Trimble SX10 Datenerfassung im Feld<\/p>\n<ul>\n<li>Kamerasteuerung<\/li>\n<li>Einzelpunkterfassung<\/li>\n<li>Erzeugung Panoramabilder<\/li>\n<li>Scannen<\/li>\n<\/ul>\n<p><strong>Nutzen<\/strong><strong>:<\/strong><\/p>\n<ul>\n<li>Kennenlernen und Vertiefung der Technologie<\/li>\n<li>Sichere Einsch\u00e4tzung von M\u00f6glichkeiten und Grenzen der Datenerfassung und Auswertung<\/li>\n<li>Absch\u00e4tzung von Aufwand und Nutzen im Vergleich mit anderen Messverfahren<\/li>\n<\/ul>\n<p><strong>Teilnehmer \/ Voraussetzungen<\/strong><strong>:<\/strong><\/p>\n<p>Der Workshop richtet sich an Interessenten am Thema Scanning und Anwender mit ersten Erfahrungen im Umgang mit der Trimble SX10 und der Auswertesoftware. Unsere Workshops bauen immer auf der aktuellen Version auf.<\/p>\n<p>Wer unsicher bei der Auswertung der Daten im B\u00fcro ist oder auch einfach die Neuigkeiten und Kniffe in der neuen Trimble Business Center Version kennenlernen oder vertiefen m\u00f6chte, dem empfehlen wir den anschlie\u00dfenden Workshop Teil 2 &#8222;Auswertungen&#8220; am Nachmittag dazu.<\/p>\n<\/div><\/section><\/div>\n\n<style type=\"text\/css\" data-created_by=\"avia_inline_auto\" id=\"style-css-av-9cgq1r-d0e06a852591a484a71955b118d67e3d\">\n.flex_column.av-9cgq1r-d0e06a852591a484a71955b118d67e3d{\nborder-radius:0px 0px 0px 0px;\npadding:0px 0px 0px 0px;\n}\n<\/style>\n<div  class='flex_column av-9cgq1r-d0e06a852591a484a71955b118d67e3d av_one_third  avia-builder-el-3  el_after_av_two_third  avia-builder-el-last  flex_column_div av-zero-column-padding  '     ><p><div  class='avia-button-wrap av-7ypj0v-38078befbbc3579cd6d79eb8609b30e7-wrap avia-button-center  avia-builder-el-4  el_before_av_tab_container  avia-builder-el-first '><a href='https:\/\/geospatial-akademie.visual-image.de\/index.php\/anmeldung\/'  class='avia-button av-7ypj0v-38078befbbc3579cd6d79eb8609b30e7 avia-icon_select-yes-left-icon avia-size-large avia-position-center avia-color-grey'  ><span class='avia_button_icon avia_button_icon_left' aria-hidden='true' data-av_icon='\ue836' data-av_iconfont='entypo-fontello'><\/span><span class='avia_iconbox_title' >Hier geht\u2019s zur Anmeldung<\/span><\/a><\/div><br \/>\n<div  class='tabcontainer av-6j86cf-951c872366ff63fb7fb4cfb738288cf9 top_tab  avia-builder-el-5  el_after_av_button  avia-builder-el-last ' role='tablist'>\n<section class='av_tab_section av_tab_section av-av_tab-70a6e5f303c8366ec5cd31a4d1f3b27b'  itemscope=\"itemscope\" itemtype=\"https:\/\/schema.org\/CreativeWork\" ><div class='tab active_tab' role='tab' tabindex='0' data-fake-id='#tab-id-1' aria-controls='tab-id-1-content'  itemprop=\"headline\" ><span class='tab_icon' aria-hidden='true' data-av_icon='\ue81e' data-av_iconfont='entypo-fontello'><\/span>\u00dcbersicht<\/div><div id='tab-id-1-content' class='tab_content active_tab_content' aria-hidden=\"false\"><div class='tab_inner_content invers-color'  itemprop=\"text\" ><p><strong>Kosten:<\/strong><\/p>\n<p>110,00 Euro pro Teilnehmer inkl. Schulungsunterlagen, Getr\u00e4nke, Essen<\/p>\n<p><strong>Teilnehmerzahl:<\/strong><\/p>\n<p>mindestens 8 \/ maximal 15<\/p>\n<\/div><\/div><\/section>\n<section class='av_tab_section av_tab_section av-2iewvj-c679415a9bcca1bf1f57b32fa9135349'  itemscope=\"itemscope\" itemtype=\"https:\/\/schema.org\/CreativeWork\" ><div class='tab' role='tab' tabindex='0' data-fake-id='#tab-id-2' aria-controls='tab-id-2-content'  itemprop=\"headline\" ><span class='tab_icon' aria-hidden='true' data-av_icon='\ue85b' data-av_iconfont='entypo-fontello'><\/span>Termine<\/div><div id='tab-id-2-content' class='tab_content' aria-hidden=\"true\"><div class='tab_inner_content invers-color'  itemprop=\"text\" ><p>[events_show category=&#8220;26&#8243;]<\/p>\n<p>Gerne unterbreiten wir Ihnen auch ein Angebot f\u00fcr eine Schulung in Ihrem Unternehmen. Treten Sie mit uns in Kontakt.<\/p>\n<\/div><\/div><\/section>\n<section class='av_tab_section av_tab_section av-2g4tmn-bf8e774429ba4cd81e0bdfc3493cdc30'  itemscope=\"itemscope\" itemtype=\"https:\/\/schema.org\/CreativeWork\" ><div class='tab' role='tab' tabindex='0' data-fake-id='#tab-id-3' aria-controls='tab-id-3-content'  itemprop=\"headline\" ><span class='tab_icon' aria-hidden='true' data-av_icon='\ue80a' data-av_iconfont='entypo-fontello'><\/span>Referent<\/div><div id='tab-id-3-content' class='tab_content' aria-hidden=\"true\"><div class='tab_inner_content invers-color'  itemprop=\"text\" ><ul>\n<li>Sandro M\u00fcller<\/li>\n<\/ul>\n<\/div><\/div><\/section>\n<\/div><\/p><\/div>\n","protected":false},"excerpt":{"rendered":"","protected":false},"author":5,"featured_media":0,"parent":12,"menu_order":0,"comment_status":"closed","ping_status":"closed","template":"","meta":{"footnotes":""},"class_list":["post-1231","page","type-page","status-publish","hentry"],"_links":{"self":[{"href":"https:\/\/geospatial-akademie.visual-image.de\/index.php\/wp-json\/wp\/v2\/pages\/1231","targetHints":{"allow":["GET"]}}],"collection":[{"href":"https:\/\/geospatial-akademie.visual-image.de\/index.php\/wp-json\/wp\/v2\/pages"}],"about":[{"href":"https:\/\/geospatial-akademie.visual-image.de\/index.php\/wp-json\/wp\/v2\/types\/page"}],"author":[{"embeddable":true,"href":"https:\/\/geospatial-akademie.visual-image.de\/index.php\/wp-json\/wp\/v2\/users\/5"}],"replies":[{"embeddable":true,"href":"https:\/\/geospatial-akademie.visual-image.de\/index.php\/wp-json\/wp\/v2\/comments?post=1231"}],"version-history":[{"count":11,"href":"https:\/\/geospatial-akademie.visual-image.de\/index.php\/wp-json\/wp\/v2\/pages\/1231\/revisions"}],"predecessor-version":[{"id":1264,"href":"https:\/\/geospatial-akademie.visual-image.de\/index.php\/wp-json\/wp\/v2\/pages\/1231\/revisions\/1264"}],"up":[{"embeddable":true,"href":"https:\/\/geospatial-akademie.visual-image.de\/index.php\/wp-json\/wp\/v2\/pages\/12"}],"wp:attachment":[{"href":"https:\/\/geospatial-akademie.visual-image.de\/index.php\/wp-json\/wp\/v2\/media?parent=1231"}],"curies":[{"name":"wp","href":"https:\/\/api.w.org\/{rel}","templated":true}]}}