{"id":1251,"date":"2019-08-15T10:58:42","date_gmt":"2019-08-15T08:58:42","guid":{"rendered":"https:\/\/geospatial-akademie.visual-image.de\/?page_id=1251"},"modified":"2019-08-15T14:53:51","modified_gmt":"2019-08-15T12:53:51","slug":"trimble-business-center-teil-2-auswertung","status":"publish","type":"page","link":"https:\/\/geospatial-akademie.visual-image.de\/index.php\/workshops\/trimble-business-center-teil-2-auswertung\/","title":{"rendered":"Trimble Business Center &#8211; Teil 2 Auswertung"},"content":{"rendered":"<div id='layer_slider_1'  class='avia-layerslider main_color avia-shadow  avia-builder-el-0  el_before_av_two_third  avia-builder-el-first  container_wrap sidebar_right'  style='height: 151px; max-width: 1140px; margin: 0 auto;'  ><\/div><div id='after_layer_slider_1'  class='main_color av_default_container_wrap container_wrap sidebar_right'  ><div class='container av-section-cont-open' ><div class='template-page content  av-content-small alpha units'><div class='post-entry post-entry-type-page post-entry-1251'><div class='entry-content-wrapper clearfix'>\n\n<style type=\"text\/css\" data-created_by=\"avia_inline_auto\" id=\"style-css-av-bvu49v-310bb39a0c21acb8baa03c4210bec46c\">\n.flex_column.av-bvu49v-310bb39a0c21acb8baa03c4210bec46c{\nborder-radius:0px 0px 0px 0px;\npadding:0px 0px 0px 0px;\n}\n<\/style>\n<div  class='flex_column av-bvu49v-310bb39a0c21acb8baa03c4210bec46c av_two_third  avia-builder-el-1  el_after_av_layerslider  el_before_av_one_third  avia-builder-el-first  first flex_column_div av-zero-column-padding  '     ><section  class='av_textblock_section av-bcq3r7-c7c11f5348980638906c043aab43447d '   itemscope=\"itemscope\" itemtype=\"https:\/\/schema.org\/CreativeWork\" ><div class='avia_textblock'  itemprop=\"text\" ><h1>Massendatenerfassung mit Trimble Systemen &#8211; Teil 2 Scanning-Auswertung<\/h1>\n<p><strong>Beschreibung<\/strong><strong>:<\/strong><\/p>\n<p>Die neue Trimble Business Center Version 5.0 bietet viele M\u00f6glichkeiten die Bearbeitung von Massendaten aus verschiedenen Messsensoren (klassischer Scanner, Handscanner, Trimble SX10) in die klassischen Auswerteabl\u00e4ufe einzubinden.<\/p>\n<p>In diesem Workshop lernen Sie die M\u00f6glichkeiten der Auswertung von Massendaten mit Trimble Business Center kennen. Wir bringen Ihnen die Prozessierung der Daten bis hin zur Auswertung der Bilder und Punktwolken mit den aktuellen Funktionen der Massendatenverarbeitung n\u00e4her. Vertiefen Sie ebenfalls Ihre Kenntnisse der Nachbearbeitung, der Ableitung von 3D-Punktwolken, Oberfl\u00e4chenmodellen und Orthophotopl\u00e4nen mit der Trimble Business Center Software.<\/p>\n<p><strong>Inhalte<\/strong><strong>:<\/strong><\/p>\n<p>Trimble Business Center 5.0<\/p>\n<ul>\n<li>Neue Programmoberfl\u00e4che<\/li>\n<li>Auswertung Punktwolken (SX10 Scanning Totalstation oder klassische Scanner wie bspw. Trimble TX8, Faro etc.)<\/li>\n<li>Registrierung\/Referenzierung<\/li>\n<li>Automatische Klassifizierung und Punktwolken<\/li>\n<li>Baum-\/Mastererkennung<\/li>\n<li>CAD-Funktionen<\/li>\n<li>Schnittfunktionen<\/li>\n<\/ul>\n<p><strong>Nutzen<\/strong><strong>:<\/strong><\/p>\n<ul>\n<li>\u00dcberblick und Vertiefung der Punktwolkenbearbeitung in Trimble Business Center<\/li>\n<li>Sichere Einsch\u00e4tzung von M\u00f6glichkeiten und Grenzen der Datenerfassung und Auswertung<\/li>\n<li>Absch\u00e4tzung von Aufwand und Nutzen im Vergleich mit anderen Messverfahren<\/li>\n<\/ul>\n<p><strong>Teilnehmer \/ Voraussetzungen<\/strong><strong>:<\/strong><\/p>\n<p>Der Workshop richtet sich an Interessenten am Thema Scanning und Anwender mit ersten Erfahrungen im Umgang mit der Auswertesoftware Trimble Business Center. Unsere Workshops bauen immer auf der aktuellen Version auf.<\/p>\n<p>Dieser Workshop baut auf dem Workshop Teil 1 &#8222;Au\u00dfendienst&#8220; auf. Wer sich auch f\u00fcr die Erfassung von Bildern und Punktwolken mit der Trimble SX10 im Au\u00dfendienst interessiert, dem empfehlen wir die Teilnahme am 1. Teil am Vormittag.<\/p>\n<\/div><\/section><\/div>\n<style type=\"text\/css\" data-created_by=\"avia_inline_auto\" id=\"style-css-av-95eb43-0df62030880d9a3892453a24726c7481\">\n.flex_column.av-95eb43-0df62030880d9a3892453a24726c7481{\nborder-radius:0px 0px 0px 0px;\npadding:0px 0px 0px 0px;\n}\n<\/style>\n<div  class='flex_column av-95eb43-0df62030880d9a3892453a24726c7481 av_one_third  avia-builder-el-3  el_after_av_two_third  avia-builder-el-last  flex_column_div av-zero-column-padding  '     ><p><div  class='avia-button-wrap av-7m6s6r-a66cf0e05cb1198598dc2221647f9910-wrap avia-button-center  avia-builder-el-4  el_before_av_tab_container  avia-builder-el-first '><a href='https:\/\/geospatial-akademie.visual-image.de\/index.php\/anmeldung\/'  class='avia-button av-7m6s6r-a66cf0e05cb1198598dc2221647f9910 avia-icon_select-yes-left-icon avia-size-large avia-position-center avia-color-grey'  ><span class='avia_button_icon avia_button_icon_left' aria-hidden='true' data-av_icon='\ue836' data-av_iconfont='entypo-fontello'><\/span><span class='avia_iconbox_title' >Hier geht\u2019s zur Anmeldung<\/span><\/a><\/div><br \/>\n<div  class='tabcontainer av-59w8cz-dc90538e744dafe6c0534fbcd71f4a2a top_tab  avia-builder-el-5  el_after_av_button  avia-builder-el-last ' role='tablist'>\n<section class='av_tab_section av_tab_section av-4arvdv-c29f6050b20dd51619413b50fb4c4f79'  itemscope=\"itemscope\" itemtype=\"https:\/\/schema.org\/CreativeWork\" ><div class='tab active_tab' role='tab' tabindex='0' data-fake-id='#tab-id-1' aria-controls='tab-id-1-content'  itemprop=\"headline\" ><span class='tab_icon' aria-hidden='true' data-av_icon='\ue81e' data-av_iconfont='entypo-fontello'><\/span>\u00dcbersicht<\/div><div id='tab-id-1-content' class='tab_content active_tab_content' aria-hidden=\"false\"><div class='tab_inner_content invers-color'  itemprop=\"text\" ><p><strong>Kosten:<\/strong><\/p>\n<p>110,00 Euro pro Teilnehmer inkl. Schulungsunterlagen, Getr\u00e4nke, Essen<\/p>\n<p><strong>Teilnehmerzahl:<\/strong><\/p>\n<p>mindestens 8 \/ maximal 15<\/p>\n<\/div><\/div><\/section>\n<section class='av_tab_section av_tab_section av-3u3y5v-11e0d3f6fcb404f3b2d41521dc16259d'  itemscope=\"itemscope\" itemtype=\"https:\/\/schema.org\/CreativeWork\" ><div class='tab' role='tab' tabindex='0' data-fake-id='#tab-id-2' aria-controls='tab-id-2-content'  itemprop=\"headline\" ><span class='tab_icon' aria-hidden='true' data-av_icon='\ue85b' data-av_iconfont='entypo-fontello'><\/span>Termine<\/div><div id='tab-id-2-content' class='tab_content' aria-hidden=\"true\"><div class='tab_inner_content invers-color'  itemprop=\"text\" ><p>[events_show category=&#8220;27&#8243;]<\/p>\n<p>Gerne unterbreiten wir Ihnen auch ein Angebot f\u00fcr eine Schulung in Ihrem Unternehmen. Treten Sie mit uns in Kontakt.<\/p>\n<\/div><\/div><\/section>\n<section class='av_tab_section av_tab_section av-28prg3-f79e6f18c8e23fe1c3f421d19c9d67af'  itemscope=\"itemscope\" itemtype=\"https:\/\/schema.org\/CreativeWork\" ><div class='tab' role='tab' tabindex='0' data-fake-id='#tab-id-3' aria-controls='tab-id-3-content'  itemprop=\"headline\" ><span class='tab_icon' aria-hidden='true' data-av_icon='\ue80a' data-av_iconfont='entypo-fontello'><\/span>Referent<\/div><div id='tab-id-3-content' class='tab_content' aria-hidden=\"true\"><div class='tab_inner_content invers-color'  itemprop=\"text\" ><ul>\n<li>Sandro M\u00fcller<\/li>\n<\/ul>\n<\/div><\/div><\/section>\n<\/div><\/p><\/div><\/p>\n","protected":false},"excerpt":{"rendered":"","protected":false},"author":5,"featured_media":0,"parent":12,"menu_order":0,"comment_status":"closed","ping_status":"closed","template":"","meta":{"footnotes":""},"class_list":["post-1251","page","type-page","status-publish","hentry"],"_links":{"self":[{"href":"https:\/\/geospatial-akademie.visual-image.de\/index.php\/wp-json\/wp\/v2\/pages\/1251","targetHints":{"allow":["GET"]}}],"collection":[{"href":"https:\/\/geospatial-akademie.visual-image.de\/index.php\/wp-json\/wp\/v2\/pages"}],"about":[{"href":"https:\/\/geospatial-akademie.visual-image.de\/index.php\/wp-json\/wp\/v2\/types\/page"}],"author":[{"embeddable":true,"href":"https:\/\/geospatial-akademie.visual-image.de\/index.php\/wp-json\/wp\/v2\/users\/5"}],"replies":[{"embeddable":true,"href":"https:\/\/geospatial-akademie.visual-image.de\/index.php\/wp-json\/wp\/v2\/comments?post=1251"}],"version-history":[{"count":9,"href":"https:\/\/geospatial-akademie.visual-image.de\/index.php\/wp-json\/wp\/v2\/pages\/1251\/revisions"}],"predecessor-version":[{"id":1268,"href":"https:\/\/geospatial-akademie.visual-image.de\/index.php\/wp-json\/wp\/v2\/pages\/1251\/revisions\/1268"}],"up":[{"embeddable":true,"href":"https:\/\/geospatial-akademie.visual-image.de\/index.php\/wp-json\/wp\/v2\/pages\/12"}],"wp:attachment":[{"href":"https:\/\/geospatial-akademie.visual-image.de\/index.php\/wp-json\/wp\/v2\/media?parent=1251"}],"curies":[{"name":"wp","href":"https:\/\/api.w.org\/{rel}","templated":true}]}}