{"id":2,"date":"2013-10-17T18:27:11","date_gmt":"2013-10-17T16:27:11","guid":{"rendered":"http:\/\/p176080.webspaceconfig.de\/wordpress\/?page_id=2"},"modified":"2019-04-04T20:37:52","modified_gmt":"2019-04-04T18:37:52","slug":"home","status":"publish","type":"page","link":"https:\/\/geospatial-akademie.visual-image.de\/","title":{"rendered":"Home"},"content":{"rendered":"\n<p><\/p>\n\n\n<div id='layer_slider_1'  class='avia-layerslider main_color avia-shadow  avia-builder-el-0  el_before_av_one_full  avia-builder-el-first  container_wrap sidebar_right'  style='height: 401px; max-width: 1130px; margin: 0 auto;'  ><\/div><div id='after_layer_slider_1'  class='main_color av_default_container_wrap container_wrap sidebar_right'  ><div class='container av-section-cont-open' ><div class='template-page content  av-content-small alpha units'><div class='post-entry post-entry-type-page post-entry-2'><div class='entry-content-wrapper clearfix'>\n<div  class='flex_column av-hwna-9a3dfc43f32072b08eb1774d33861b21 av_one_full  avia-builder-el-1  el_after_av_layerslider  el_before_av_one_third  avia-builder-el-first  first flex_column_div  '     ><section  class='av_textblock_section av-gz8s-2dfa351efb68fc265ca80a3f0242fa5f '   itemscope=\"itemscope\" itemtype=\"https:\/\/schema.org\/CreativeWork\" ><div class='avia_textblock'  itemprop=\"text\" ><div>\n<div>\n<h1><span style=\"color: #1d5693;\">DIE GEOSPATIAL AKADEMIE<\/span><\/h1>\n<p>Die Hauptaufgabe unserer Akademie besteht darin, Ihre Kompetenz als Anwender von Trimble Systemen weiter auszubauen. Dies geschieht durch ein praxisnahes Angebot verschiedener Schulungsma\u00dfnahmen und Workshops. Als Dienstleister f\u00fcr unsere Kunden sehen wir uns als Lernbegleiter und Innovationstreiber.<\/p>\n<\/div>\n<\/div>\n<\/div><\/section><\/div><div  class='flex_column av-dm6q-23168d1c90482c7ce6efa061d724bd53 av_one_third  avia-builder-el-3  el_after_av_one_full  el_before_av_one_third  first flex_column_div  column-top-margin'     ><article  class='iconbox iconbox_left av-brx6-157e7fbf2bbd1e655e35de68a7b70d5c  avia-builder-el-4  avia-builder-el-no-sibling '  itemscope=\"itemscope\" itemtype=\"https:\/\/schema.org\/CreativeWork\" ><div class=\"iconbox_content\"><header class=\"entry-content-header\"><div class=\"iconbox_icon heading-color\" aria-hidden='true' data-av_icon='\ue836' data-av_iconfont='entypo-fontello'><\/div><h3 class='iconbox_content_title '  itemprop=\"headline\" ><a href='https:\/\/geospatial-akademie.visual-image.de\/index.php\/schulung\/' title='Schulung'  >Schulung<\/a><\/h3><\/header><div class='iconbox_content_container '  itemprop=\"text\" ><p>In unserer Akademie bieten wir Schulungen f\u00fcr Anwender rund um die unterschiedlichen L\u00f6sungen aus dem Hause Trimble an. Wir unterst\u00fctzen Sie bei der Vertiefung Ihrer Kenntnisse, um so eine optimale Anwendung unserer Hard- und Software in Ihrem t\u00e4glichen Arbeitseinsatz zu erm\u00f6glichen.<\/p>\n<\/div><\/div><footer class=\"entry-footer\"><\/footer><\/article><\/div><\/p>\n<div  class='flex_column av-8va8-bb25fe3eb50a8e2a757545ce1b8a44b5 av_one_third  avia-builder-el-5  el_after_av_one_third  el_before_av_one_third  flex_column_div  column-top-margin'     ><article  class='iconbox iconbox_left av-7wn0-16c69e5f39d6c0b1dd632110c9da106a  avia-builder-el-6  avia-builder-el-no-sibling '  itemscope=\"itemscope\" itemtype=\"https:\/\/schema.org\/CreativeWork\" ><div class=\"iconbox_content\"><header class=\"entry-content-header\"><div class=\"iconbox_icon heading-color\" aria-hidden='true' data-av_icon='\ue8d1' data-av_iconfont='entypo-fontello'><\/div><h3 class='iconbox_content_title '  itemprop=\"headline\" ><a href='https:\/\/geospatial-akademie.visual-image.de\/index.php\/workshops\/' title='Workshop'  >Workshop<\/a><\/h3><\/header><div class='iconbox_content_container '  itemprop=\"text\" ><p>Sie interessieren sich f\u00fcr die Einf\u00fchrung neuer Technologien oder m\u00f6chten diese in der praktischen Anwendung einmal kennen lernen? In unseren Workshops stellen wir Ihnen neue L\u00f6sungen vor. Machen Sie sich selbst ein Bild, welcher Nutzen und welche M\u00f6glichkeiten sich daraus f\u00fcr Sie und Ihr Unternehmen ergeben.<\/p>\n<\/div><\/div><footer class=\"entry-footer\"><\/footer><\/article><\/div>\n<div  class='flex_column av-4y0y-f627242b4a980521713ef47dd8fc66e9 av_one_third  avia-builder-el-7  el_after_av_one_third  avia-builder-el-last  flex_column_div  column-top-margin'     ><article  class='iconbox iconbox_left av-dr2-6e587c2e76731b9444fb7cf7b1051628  avia-builder-el-8  avia-builder-el-no-sibling '  itemscope=\"itemscope\" itemtype=\"https:\/\/schema.org\/CreativeWork\" ><div class=\"iconbox_content\"><header class=\"entry-content-header\"><div class=\"iconbox_icon heading-color\" aria-hidden='true' data-av_icon='\ue85b' data-av_iconfont='entypo-fontello'><\/div><h3 class='iconbox_content_title '  itemprop=\"headline\" ><a href='https:\/\/geospatial-akademie.visual-image.de\/index.php\/termine\/' title='Termine'  >Termine<\/a><\/h3><\/header><div class='iconbox_content_container '  itemprop=\"text\" ><p>Die n\u00e4chsten Termine unserer Schulungen und Workshops finden Sie <a title=\"Termine\" href=\"https:\/\/geospatial-akademie.visual-image.de\/?page_id=224\">hier<\/a> oder \u00fcber die jeweiligen Themen in den Bereichen Schulungen und Workshops.<\/p>\n<\/div><\/div><footer class=\"entry-footer\"><\/footer><\/article><\/div>\n","protected":false},"excerpt":{"rendered":"","protected":false},"author":2,"featured_media":0,"parent":0,"menu_order":0,"comment_status":"closed","ping_status":"closed","template":"","meta":{"footnotes":""},"class_list":["post-2","page","type-page","status-publish","hentry"],"_links":{"self":[{"href":"https:\/\/geospatial-akademie.visual-image.de\/index.php\/wp-json\/wp\/v2\/pages\/2","targetHints":{"allow":["GET"]}}],"collection":[{"href":"https:\/\/geospatial-akademie.visual-image.de\/index.php\/wp-json\/wp\/v2\/pages"}],"about":[{"href":"https:\/\/geospatial-akademie.visual-image.de\/index.php\/wp-json\/wp\/v2\/types\/page"}],"author":[{"embeddable":true,"href":"https:\/\/geospatial-akademie.visual-image.de\/index.php\/wp-json\/wp\/v2\/users\/2"}],"replies":[{"embeddable":true,"href":"https:\/\/geospatial-akademie.visual-image.de\/index.php\/wp-json\/wp\/v2\/comments?post=2"}],"version-history":[{"count":28,"href":"https:\/\/geospatial-akademie.visual-image.de\/index.php\/wp-json\/wp\/v2\/pages\/2\/revisions"}],"predecessor-version":[{"id":1229,"href":"https:\/\/geospatial-akademie.visual-image.de\/index.php\/wp-json\/wp\/v2\/pages\/2\/revisions\/1229"}],"wp:attachment":[{"href":"https:\/\/geospatial-akademie.visual-image.de\/index.php\/wp-json\/wp\/v2\/media?parent=2"}],"curies":[{"name":"wp","href":"https:\/\/api.w.org\/{rel}","templated":true}]}}