{"id":25,"date":"2013-10-21T23:47:41","date_gmt":"2013-10-21T21:47:41","guid":{"rendered":"http:\/\/wordpress.p206744.webspaceconfig.de\/?page_id=25"},"modified":"2020-01-09T11:09:35","modified_gmt":"2020-01-09T09:09:35","slug":"trassen-erstellen-abstecken","status":"publish","type":"page","link":"https:\/\/geospatial-akademie.visual-image.de\/index.php\/schulung\/trassen-erstellen-abstecken\/","title":{"rendered":"Trassen erstellen und abstecken"},"content":{"rendered":"<div id='layer_slider_1'  class='avia-layerslider main_color avia-shadow  avia-builder-el-0  el_before_av_two_third  avia-builder-el-first  container_wrap sidebar_right'  style='height: 151px; max-width: 1140px; margin: 0 auto;'  ><\/div><div id='after_layer_slider_1'  class='main_color av_default_container_wrap container_wrap sidebar_right'  ><div class='container av-section-cont-open' ><div class='template-page content  av-content-small alpha units'><div class='post-entry post-entry-type-page post-entry-25'><div class='entry-content-wrapper clearfix'>\n<div  class='flex_column av-4vzih-818143e75fc862ac20cda42d4e91d6d3 av_two_third  avia-builder-el-1  el_after_av_layerslider  el_before_av_one_third  avia-builder-el-first  first flex_column_div  '     ><section  class='av_textblock_section av-4mqy9-b661cf4e12f69b91467f5dfc93a949fc '   itemscope=\"itemscope\" itemtype=\"https:\/\/schema.org\/CreativeWork\" ><div class='avia_textblock'  itemprop=\"text\" ><h1><span style=\"color: #1d5693;\">Trassen erstellen und abstecken<\/span><\/h1>\n<p><strong>Beschreibung:<\/strong><\/p>\n<p>In dieser Schulung lernen Sie die notwendigen Grundlagen f\u00fcr die erfolgreiche Bearbeitung und Absteckung von Trassen.\u00a0Die Schulung zeigt Ihnen anhand von praktischen Beispielen wie Sie eine Trasse definieren und die entsprechenden Elemente erzeugen. Sie erlernen bereits bestehende Trassendefinitionen aus anderen Datenformaten \u00a0zu importieren und auf deren Richtigkeit zu pr\u00fcfen. Dar\u00fcber hinaus widmet sich die Schulung der Absteckung von Trassen bzw. deren Elemente \/ Punkte. Mit Hilfe der Dokumentation der Absteckung k\u00f6nnen Sie Ihre Arbeit \u00fcberpr\u00fcfen und die Ergebnisse visualisieren.<\/p>\n<p><strong>Inhalte:<\/strong><\/p>\n<ul>\n<li>Trassenmodell und -definition<\/li>\n<li>In Trimble Business Center Trassen definieren und erzeugen<\/li>\n<li>Importieren von Trassen in Trimble Business Center<\/li>\n<li>\u00dcberpr\u00fcfung von Trassendefinitionen<\/li>\n<li>Trassen von TBC zu Trimble Access \u00fcbertragen<\/li>\n<li>Abstecken von Trassen mit Trimble Access (Trassenmodul)<\/li>\n<li>Verschiedene Absteckverfahren mit Tachymeter und GNSS<\/li>\n<li>Absteckprotokoll erzeugen<\/li>\n<\/ul>\n<p><strong>Nutzen:<\/strong><\/p>\n<ul>\n<li>Sicherheit f\u00fcr Anwender in der Absteckung von Trassen<\/li>\n<li>Reduzierung der Einzelpunktberechnung im Feld<\/li>\n<li>Flexible Stationswahl der Absteckpunkte<\/li>\n<li>H\u00f6here Produktivit\u00e4t der Messtrupps<\/li>\n<\/ul>\n<p><strong>Teilnehmer \/ Voraussetzungen:<\/strong><\/p>\n<p>Die Schulung richtet sich an Anwender mit Erfahrungen im Umgang mit der B\u00fcrosoftware Trimble Business Center und der\u00a0Feldsoftware Trimble Access. Unsere Schulungen bauen immer auf der aktuellen Softwareversion auf.<\/p>\n<\/div><\/section><\/div>\n\n<style type=\"text\/css\" data-created_by=\"avia_inline_auto\" id=\"style-css-av-3mr9t-68e276b6472d8edc5fe908cdad60643f\">\n.flex_column.av-3mr9t-68e276b6472d8edc5fe908cdad60643f{\nborder-radius:0px 0px 0px 0px;\npadding:0px 0px 0px 0px;\n}\n<\/style>\n<div  class='flex_column av-3mr9t-68e276b6472d8edc5fe908cdad60643f av_one_third  avia-builder-el-3  el_after_av_two_third  avia-builder-el-last  flex_column_div av-zero-column-padding  '     ><p><div  class='avia-button-wrap av-386cl-5c8d314ca0f5765b13dff61994cdd896-wrap avia-button-center  avia-builder-el-4  el_before_av_tab_container  avia-builder-el-first '><a href='https:\/\/geospatial-akademie.visual-image.de\/index.php\/anmeldung\/'  class='avia-button av-386cl-5c8d314ca0f5765b13dff61994cdd896 avia-icon_select-yes-left-icon avia-size-large avia-position-center avia-color-grey'  ><span class='avia_button_icon avia_button_icon_left' aria-hidden='true' data-av_icon='\ue836' data-av_iconfont='entypo-fontello'><\/span><span class='avia_iconbox_title' > Hier geht es zur Anmeldung<\/span><\/a><\/div><br \/>\n<div  class='tabcontainer av-2vzm5-a8a7e62b40bf0a2ac1aeeb2be37eff59 top_tab  avia-builder-el-5  el_after_av_button  avia-builder-el-last ' role='tablist'>\n<section class='av_tab_section av_tab_section av-2b4gh-895fd635891fc18de75883aaf3c36118'  itemscope=\"itemscope\" itemtype=\"https:\/\/schema.org\/CreativeWork\" ><div class='tab active_tab' role='tab' tabindex='0' data-fake-id='#tab-id-1' aria-controls='tab-id-1-content'  itemprop=\"headline\" ><span class='tab_icon' aria-hidden='true' data-av_icon='\ue81e' data-av_iconfont='entypo-fontello'><\/span>\u00dcbersicht<\/div><div id='tab-id-1-content' class='tab_content active_tab_content' aria-hidden=\"false\"><div class='tab_inner_content invers-color'  itemprop=\"text\" ><p><strong>Kosten:<\/strong><\/p>\n<p>450,00 Euro pro Teilnehmer inkl. Schulungsunterlagen, Getr\u00e4nke, Essen<\/p>\n<p><strong>Teilnehmerzahl:<\/strong><br \/>\nmindestens 4 \/ maximal 8<\/p>\n<\/div><\/div><\/section>\n<section class='av_tab_section av_tab_section av-1b7pl-f2cfbec90e1b4026d054dc1b77c1eb5f'  itemscope=\"itemscope\" itemtype=\"https:\/\/schema.org\/CreativeWork\" ><div class='tab' role='tab' tabindex='0' data-fake-id='#tab-id-2' aria-controls='tab-id-2-content'  itemprop=\"headline\" ><span class='tab_icon' aria-hidden='true' data-av_icon='\ue85b' data-av_iconfont='entypo-fontello'><\/span>Termine<\/div><div id='tab-id-2-content' class='tab_content' aria-hidden=\"true\"><div class='tab_inner_content invers-color'  itemprop=\"text\" ><p>[events_show category=&#8220;7&#8243;]<\/p>\n<p>Gerne unterbreiten wir Ihnen auch ein Angebot f\u00fcr eine Schulung in Ihrem Unternehmen. Treten Sie mit uns in Kontakt.<\/p>\n<\/div><\/div><\/section>\n<section class='av_tab_section av_tab_section av-av_tab-6494c9a5f7c6791678bd25d775313bb2'  itemscope=\"itemscope\" itemtype=\"https:\/\/schema.org\/CreativeWork\" ><div class='tab' role='tab' tabindex='0' data-fake-id='#tab-id-3' aria-controls='tab-id-3-content'  itemprop=\"headline\" ><span class='tab_icon' aria-hidden='true' data-av_icon='\ue80a' data-av_iconfont='entypo-fontello'><\/span>Referent<\/div><div id='tab-id-3-content' class='tab_content' aria-hidden=\"true\"><div class='tab_inner_content invers-color'  itemprop=\"text\" ><ul>\n<li>Sandro M\u00fcller<\/li>\n<li>Danny Nickel<\/li>\n<li>Tobias Wicht<\/li>\n<\/ul>\n<\/div><\/div><\/section>\n<\/div><\/p><\/div>\n","protected":false},"excerpt":{"rendered":"","protected":false},"author":2,"featured_media":0,"parent":9,"menu_order":20,"comment_status":"open","ping_status":"closed","template":"","meta":{"footnotes":""},"class_list":["post-25","page","type-page","status-publish","hentry"],"_links":{"self":[{"href":"https:\/\/geospatial-akademie.visual-image.de\/index.php\/wp-json\/wp\/v2\/pages\/25","targetHints":{"allow":["GET"]}}],"collection":[{"href":"https:\/\/geospatial-akademie.visual-image.de\/index.php\/wp-json\/wp\/v2\/pages"}],"about":[{"href":"https:\/\/geospatial-akademie.visual-image.de\/index.php\/wp-json\/wp\/v2\/types\/page"}],"author":[{"embeddable":true,"href":"https:\/\/geospatial-akademie.visual-image.de\/index.php\/wp-json\/wp\/v2\/users\/2"}],"replies":[{"embeddable":true,"href":"https:\/\/geospatial-akademie.visual-image.de\/index.php\/wp-json\/wp\/v2\/comments?post=25"}],"version-history":[{"count":53,"href":"https:\/\/geospatial-akademie.visual-image.de\/index.php\/wp-json\/wp\/v2\/pages\/25\/revisions"}],"predecessor-version":[{"id":1278,"href":"https:\/\/geospatial-akademie.visual-image.de\/index.php\/wp-json\/wp\/v2\/pages\/25\/revisions\/1278"}],"up":[{"embeddable":true,"href":"https:\/\/geospatial-akademie.visual-image.de\/index.php\/wp-json\/wp\/v2\/pages\/9"}],"wp:attachment":[{"href":"https:\/\/geospatial-akademie.visual-image.de\/index.php\/wp-json\/wp\/v2\/media?parent=25"}],"curies":[{"name":"wp","href":"https:\/\/api.w.org\/{rel}","templated":true}]}}