{"id":33,"date":"2013-10-21T23:50:28","date_gmt":"2013-10-21T21:50:28","guid":{"rendered":"http:\/\/wordpress.p206744.webspaceconfig.de\/?page_id=33"},"modified":"2018-02-28T13:15:48","modified_gmt":"2018-02-28T11:15:48","slug":"terrestrisches-laserscanning","status":"publish","type":"page","link":"https:\/\/geospatial-akademie.visual-image.de\/index.php\/workshops\/terrestrisches-laserscanning\/","title":{"rendered":"Terrestrisches Laserscanning"},"content":{"rendered":"<div id='layer_slider_1'  class='avia-layerslider main_color avia-shadow  avia-builder-el-0  el_before_av_two_third  avia-builder-el-first  container_wrap sidebar_right'  style='height: 151px; max-width: 1140px; margin: 0 auto;'  ><\/div><div id='after_layer_slider_1'  class='main_color av_default_container_wrap container_wrap sidebar_right'  ><div class='container av-section-cont-open' ><div class='template-page content  av-content-small alpha units'><div class='post-entry post-entry-type-page post-entry-33'><div class='entry-content-wrapper clearfix'>\n<div  class='flex_column av-av_two_third-2a9015ff38129c418a3f2eafba3e9512 av_two_third  avia-builder-el-1  el_after_av_layerslider  el_before_av_one_third  avia-builder-el-first  first flex_column_div  '     ><section  class='av_textblock_section av-av_textblock-aaf3a53f7e22769a7798f31e42769683 '   itemscope=\"itemscope\" itemtype=\"https:\/\/schema.org\/CreativeWork\" ><div class='avia_textblock'  itemprop=\"text\" ><h1><span style=\"color: #1d5693;\">Terrestrisches Laserscanning<\/span><\/h1>\n<p><strong>Beschreibung:<\/strong><\/p>\n<p>In dieser Schulung lernen Sie die notwendigen Grundlagen f\u00fcr die erfolgreiche Durchf\u00fchrung von Laserscanningprojekten. Dabei betrachten wir den kompletten Projektablauf \u2013 von der Planung und Kalkulation \u00fcber die Datenerfassung bis zur Auswertung der Punktwolken in Trimble RealWorks und der abschlie\u00dfenden Ausgabe und Pr\u00e4sentation der Ergebnisse.\u00a0 Einen Schwerpunkt setzen wir dabei auf die verschiedenen Methoden der Registrierung und Georeferenzierung der Punktwolken sowie deren optimaler Einsatz in unterschiedlichen Bereichen. Weiterhin zeigen wir Ihnen wie Sie Punktwolken mit Hilfe den verschiedenen Werkzeugen bearbeiten. Erfahrungen aus Scanningprojekte mit Hinweisen f\u00fcr eine optimale Gestaltung der Aufnahme runden den Schulungstag ab.<\/p>\n<p><strong>Inhalte:<\/strong><\/p>\n<ul>\n<li>Scanprojekte planen und kalkulieren<\/li>\n<li>Datenerfassung mit dem Trimble 3D-Laserscanner<\/li>\n<li>Punktwolken registrieren und georeferenzieren<\/li>\n<li>Aufbereitung und Bereinigung der Punktwolke<\/li>\n<li>Schnitte, L\u00e4ngs- und Querprofile erstellen<\/li>\n<li>Massenberechnung und DGM<\/li>\n<li>Soll-Ist-Vergleiche durchf\u00fchren und analysieren<\/li>\n<li>3D-Modelle erstellen<\/li>\n<li>Daten exportieren und darstellen in weiteren Anwendungen<\/li>\n<\/ul>\n<p><strong>Nutzen:<\/strong><\/p>\n<ul>\n<li>Schneller Einstieg in die Laserscanningtechnologie<\/li>\n<li>Umfangreiche Kenntnis \u00fcber die m\u00f6glichen Ergebnisse<\/li>\n<li>Sicherheit in der Kalkulation von Laserscanning-Projekten<\/li>\n<li>Hohe Effizienz bereits bei ersten Projekten<\/li>\n<li>Schnelle Einarbeitung neuer Mitarbeiter<\/li>\n<li>Sichere Bedienung des Messsystems<\/li>\n<\/ul>\n<p><strong>Teilnehmer \/ Voraussetzungen:<\/strong><\/p>\n<p>Die Schulung richtet sich an Einsteiger bzw. an Anwender mit ersten Erfahrungen im 3D-Laserscanning. Unsere Schulungen bauen immer auf der aktuellen Softwareversion auf. Kunden mit einer Trimble RealWorks Lizenz empfehlen wir diese mit entsprechendem Laptop zur Schulung mitzubringen.<\/p>\n<\/div><\/section><\/div>\n\n<style type=\"text\/css\" data-created_by=\"avia_inline_auto\" id=\"style-css-av-av_one_third-9c1d454dc06f7247226bc4e8f931daae\">\n.flex_column.av-av_one_third-9c1d454dc06f7247226bc4e8f931daae{\nborder-radius:0px 0px 0px 0px;\npadding:0px 0px 0px 0px;\n}\n<\/style>\n<div  class='flex_column av-av_one_third-9c1d454dc06f7247226bc4e8f931daae av_one_third  avia-builder-el-3  el_after_av_two_third  avia-builder-el-last  flex_column_div av-zero-column-padding  '     ><p><div  class='avia-button-wrap av-av_button-1db506ca8663e1bc691d830d448bda51-wrap avia-button-center  avia-builder-el-4  el_before_av_tab_container  avia-builder-el-first '><a href='https:\/\/geospatial-akademie.visual-image.de\/index.php\/anmeldung\/'  class='avia-button av-av_button-1db506ca8663e1bc691d830d448bda51 avia-icon_select-yes-left-icon avia-size-large avia-position-center avia-color-grey'  ><span class='avia_button_icon avia_button_icon_left' aria-hidden='true' data-av_icon='\ue836' data-av_iconfont='entypo-fontello'><\/span><span class='avia_iconbox_title' > Hier geht es zur Anmeldung<\/span><\/a><\/div><br \/>\n<div  class='tabcontainer av-av_tab_container-0bacd910096d11a3cec6dfb538798966 top_tab  avia-builder-el-5  el_after_av_button  avia-builder-el-last ' role='tablist'>\n<section class='av_tab_section av_tab_section av-av_tab-70a6e5f303c8366ec5cd31a4d1f3b27b'  itemscope=\"itemscope\" itemtype=\"https:\/\/schema.org\/CreativeWork\" ><div class='tab active_tab' role='tab' tabindex='0' data-fake-id='#tab-id-1' aria-controls='tab-id-1-content'  itemprop=\"headline\" ><span class='tab_icon' aria-hidden='true' data-av_icon='\ue81e' data-av_iconfont='entypo-fontello'><\/span>\u00dcbersicht<\/div><div id='tab-id-1-content' class='tab_content active_tab_content' aria-hidden=\"false\"><div class='tab_inner_content invers-color'  itemprop=\"text\" ><p><strong>Kosten:<\/strong><\/p>\n<p>195,00 Euro pro Teilnehmer inkl. Schulungsunterlagen, Getr\u00e4nke, Essen<\/p>\n<p><strong>Teilnehmerzahl:<\/strong><br \/>\nmindestens 4 \/ maximal 8<\/p>\n<\/div><\/div><\/section>\n<section class='av_tab_section av_tab_section av-av_tab-344ed912c44046142b238f7f03f5a2cd'  itemscope=\"itemscope\" itemtype=\"https:\/\/schema.org\/CreativeWork\" ><div class='tab' role='tab' tabindex='0' data-fake-id='#tab-id-2' aria-controls='tab-id-2-content'  itemprop=\"headline\" ><span class='tab_icon' aria-hidden='true' data-av_icon='\ue85b' data-av_iconfont='entypo-fontello'><\/span>Termine<\/div><div id='tab-id-2-content' class='tab_content' aria-hidden=\"true\"><div class='tab_inner_content invers-color'  itemprop=\"text\" ><p>[events_show category=&#8220;5&#8243;]<\/p>\n<p>Gerne unterbreiten wir Ihnen auch ein Angebot f\u00fcr einen Workshop in Ihrem Unternehmen. Treten Sie mit uns in Kontakt.<\/p>\n<\/div><\/div><\/section>\n<section class='av_tab_section av_tab_section av-av_tab-24b3eddfb57e7e34701d03403bb4f46e'  itemscope=\"itemscope\" itemtype=\"https:\/\/schema.org\/CreativeWork\" ><div class='tab' role='tab' tabindex='0' data-fake-id='#tab-id-3' aria-controls='tab-id-3-content'  itemprop=\"headline\" ><span class='tab_icon' aria-hidden='true' data-av_icon='\ue80a' data-av_iconfont='entypo-fontello'><\/span>Referent<\/div><div id='tab-id-3-content' class='tab_content' aria-hidden=\"true\"><div class='tab_inner_content invers-color'  itemprop=\"text\" ><ul>\n<li>Sandro M\u00fcller<\/li>\n<\/ul>\n<\/div><\/div><\/section>\n<\/div><\/p><\/div>\n","protected":false},"excerpt":{"rendered":"","protected":false},"author":2,"featured_media":0,"parent":12,"menu_order":50,"comment_status":"open","ping_status":"closed","template":"","meta":{"footnotes":""},"class_list":["post-33","page","type-page","status-publish","hentry"],"_links":{"self":[{"href":"https:\/\/geospatial-akademie.visual-image.de\/index.php\/wp-json\/wp\/v2\/pages\/33","targetHints":{"allow":["GET"]}}],"collection":[{"href":"https:\/\/geospatial-akademie.visual-image.de\/index.php\/wp-json\/wp\/v2\/pages"}],"about":[{"href":"https:\/\/geospatial-akademie.visual-image.de\/index.php\/wp-json\/wp\/v2\/types\/page"}],"author":[{"embeddable":true,"href":"https:\/\/geospatial-akademie.visual-image.de\/index.php\/wp-json\/wp\/v2\/users\/2"}],"replies":[{"embeddable":true,"href":"https:\/\/geospatial-akademie.visual-image.de\/index.php\/wp-json\/wp\/v2\/comments?post=33"}],"version-history":[{"count":23,"href":"https:\/\/geospatial-akademie.visual-image.de\/index.php\/wp-json\/wp\/v2\/pages\/33\/revisions"}],"predecessor-version":[{"id":1173,"href":"https:\/\/geospatial-akademie.visual-image.de\/index.php\/wp-json\/wp\/v2\/pages\/33\/revisions\/1173"}],"up":[{"embeddable":true,"href":"https:\/\/geospatial-akademie.visual-image.de\/index.php\/wp-json\/wp\/v2\/pages\/12"}],"wp:attachment":[{"href":"https:\/\/geospatial-akademie.visual-image.de\/index.php\/wp-json\/wp\/v2\/media?parent=33"}],"curies":[{"name":"wp","href":"https:\/\/api.w.org\/{rel}","templated":true}]}}