{"id":82,"date":"2013-10-22T00:21:11","date_gmt":"2013-10-21T22:21:11","guid":{"rendered":"http:\/\/wordpress.p206744.webspaceconfig.de\/?page_id=82"},"modified":"2018-03-01T12:46:00","modified_gmt":"2018-03-01T10:46:00","slug":"access-grundlagen","status":"publish","type":"page","link":"https:\/\/geospatial-akademie.visual-image.de\/index.php\/schulung\/access-grundlagen\/","title":{"rendered":"Trimble Access &#8211; Grundlagen"},"content":{"rendered":"<div id='layer_slider_1'  class='avia-layerslider main_color avia-shadow  avia-builder-el-0  el_before_av_two_third  avia-builder-el-first  container_wrap sidebar_right'  style='height: 151px; max-width: 1140px; margin: 0 auto;'  ><\/div><div id='after_layer_slider_1'  class='main_color av_default_container_wrap container_wrap sidebar_right'  ><div class='container av-section-cont-open' ><div class='template-page content  av-content-small alpha units'><div class='post-entry post-entry-type-page post-entry-82'><div class='entry-content-wrapper clearfix'>\n<div  class='flex_column av-av_two_third-2a9015ff38129c418a3f2eafba3e9512 av_two_third  avia-builder-el-1  el_after_av_layerslider  el_before_av_one_third  avia-builder-el-first  first flex_column_div  '     ><section  class='av_textblock_section av-av_textblock-0366cc7376be6c9e82a3e9cc8987b64f '   itemscope=\"itemscope\" itemtype=\"https:\/\/schema.org\/CreativeWork\" ><div class='avia_textblock'  itemprop=\"text\" ><h1><span style=\"color: #1d5693;\">Trimble Access \u2013 Grundlagen<\/span><\/h1>\n<p><strong>Beschreibung:<\/strong><\/p>\n<p>In dieser Schulung lernen Sie die notwendigen Grundlagen f\u00fcr die erfolgreiche Nutzung Ihrer Feldsoftware Trimble Access. Sie lernen gezielt den Umgang mit den grundlegenden Programmfunktionen. Dies beginnt bereits beim Anlegen eines Projektes. Dar\u00fcber hinaus widmet sich die Schulung den Programmfunktionen, die f\u00fcr die t\u00e4gliche Arbeit im Feld notwendig sind. Sie gewinnen weitere Sicherheit im Umgang mit der Software und sind in der Lage diese optimal f\u00fcr Ihre Bed\u00fcrfnisse einzusetzen.<\/p>\n<p><strong>Inhalte:<\/strong><\/p>\n<ul>\n<li>Projekte einrichten und verwalten<\/li>\n<li>Koordinatensysteme verwenden (Gau\u00df-Kr\u00fcger, UTM, lokal)<\/li>\n<li>Einstellungen GNSS-Vermessung (Vermessungsstil, GNSS-Kontakt)<\/li>\n<li>Merkmalsbibliotheken<\/li>\n<li>Verwendung von Hintergrundkarten<\/li>\n<li>Einstellungen f\u00fcr Tachymeter (Messmodi, spezielle Messfunktionen)<\/li>\n<li>Berechnungsfunktionen f\u00fcr Punkte \/ Linien \/ Fl\u00e4chen<\/li>\n<li>Helmert-Transformationen erstellen und verwalten<\/li>\n<li>Feldsoftware aktualisieren und Datensicherung<\/li>\n<\/ul>\n<p><strong>Nutzen:<\/strong><\/p>\n<ul>\n<li>Sicherheit f\u00fcr Anwender mit ersten Erfahrungen in der Software<\/li>\n<li>Schnelle Einarbeitung neuer Mitarbeiter<\/li>\n<li>Erh\u00f6hte Zuverl\u00e4ssigkeit durch korrekte Einstellungen f\u00fcr das Messprojekt<\/li>\n<li>Sichere Bedienung des Messsystems<\/li>\n<li>Vereinfachung der Bedienung \/ Anwenderprofil<\/li>\n<li>H\u00f6here Produktivit\u00e4t der Messtrupps<\/li>\n<\/ul>\n<p><strong>Teilnehmer \/ Voraussetzungen:<\/strong><\/p>\n<p>Die Schulung richtet sich an Einsteiger bzw. an Anwender mit ersten Erfahrungen im Umgang mit der Feldsoftware Trimble Access. Unsere Schulungen bauen immer auf der aktuellen Version auf.<\/p>\n<\/div><\/section><\/div>\n\n<style type=\"text\/css\" data-created_by=\"avia_inline_auto\" id=\"style-css-av-av_one_third-2a64de42b738552fe666ca889af77e28\">\n.flex_column.av-av_one_third-2a64de42b738552fe666ca889af77e28{\nborder-radius:0px 0px 0px 0px;\npadding:0px 0px 0px 0px;\n}\n<\/style>\n<div  class='flex_column av-av_one_third-2a64de42b738552fe666ca889af77e28 av_one_third  avia-builder-el-3  el_after_av_two_third  avia-builder-el-last  flex_column_div av-zero-column-padding  '     ><p><div  class='avia-button-wrap av-av_button-1db506ca8663e1bc691d830d448bda51-wrap avia-button-center  avia-builder-el-4  el_before_av_tab_container  avia-builder-el-first '><a href='https:\/\/geospatial-akademie.visual-image.de\/index.php\/anmeldung\/'  class='avia-button av-av_button-1db506ca8663e1bc691d830d448bda51 avia-icon_select-yes-left-icon avia-size-large avia-position-center avia-color-grey'  ><span class='avia_button_icon avia_button_icon_left' aria-hidden='true' data-av_icon='\ue836' data-av_iconfont='entypo-fontello'><\/span><span class='avia_iconbox_title' > Hier geht es zur Anmeldung<\/span><\/a><\/div><br \/>\n<div  class='tabcontainer av-av_tab_container-0bacd910096d11a3cec6dfb538798966 top_tab  avia-builder-el-5  el_after_av_button  avia-builder-el-last ' role='tablist'>\n<section class='av_tab_section av_tab_section av-av_tab-c1348f21511b3240f18700d972144676'  itemscope=\"itemscope\" itemtype=\"https:\/\/schema.org\/CreativeWork\" ><div class='tab active_tab' role='tab' tabindex='0' data-fake-id='#tab-id-1' aria-controls='tab-id-1-content'  itemprop=\"headline\" ><span class='tab_icon' aria-hidden='true' data-av_icon='\ue81e' data-av_iconfont='entypo-fontello'><\/span>\u00dcbersicht<\/div><div id='tab-id-1-content' class='tab_content active_tab_content' aria-hidden=\"false\"><div class='tab_inner_content invers-color'  itemprop=\"text\" ><p><strong>Kosten:<\/strong><\/p>\n<p>450,00 Euro pro Teilnehmer inkl. Schulungsunterlagen, Getr\u00e4nke, Essen<\/p>\n<p><strong>Teilnehmerzahl:<\/strong><br \/>\nmindestens 4 \/ maximal 8<\/p>\n<\/div><\/div><\/section>\n<section class='av_tab_section av_tab_section av-av_tab-3bdacabee8b7b33abac73f1ca16c6a12'  itemscope=\"itemscope\" itemtype=\"https:\/\/schema.org\/CreativeWork\" ><div class='tab' role='tab' tabindex='0' data-fake-id='#tab-id-2' aria-controls='tab-id-2-content'  itemprop=\"headline\" ><span class='tab_icon' aria-hidden='true' data-av_icon='\ue85b' data-av_iconfont='entypo-fontello'><\/span>Termine<\/div><div id='tab-id-2-content' class='tab_content' aria-hidden=\"true\"><div class='tab_inner_content invers-color'  itemprop=\"text\" ><p>[events_show category=&#8220;6&#8243;]<\/p>\n<p>Gerne unterbreiten wir Ihnen auch ein Angebot f\u00fcr eine Schulung in Ihrem Unternehmen. Treten Sie mit uns in Kontakt.<\/p>\n<\/div><\/div><\/section>\n<section class='av_tab_section av_tab_section av-av_tab-7569f5a2f8d9295f5864962edf7d5cff'  itemscope=\"itemscope\" itemtype=\"https:\/\/schema.org\/CreativeWork\" ><div class='tab' role='tab' tabindex='0' data-fake-id='#tab-id-3' aria-controls='tab-id-3-content'  itemprop=\"headline\" ><span class='tab_icon' aria-hidden='true' data-av_icon='\ue80a' data-av_iconfont='entypo-fontello'><\/span>Referent<\/div><div id='tab-id-3-content' class='tab_content' aria-hidden=\"true\"><div class='tab_inner_content invers-color'  itemprop=\"text\" ><ul>\n<li>Sandro M\u00fcller<\/li>\n<li>Danny Nickel<\/li>\n<li>Stefan Wanke<\/li>\n<li>Tobias Wicht<\/li>\n<\/ul>\n<\/div><\/div><\/section>\n<\/div><\/p><\/div>\n","protected":false},"excerpt":{"rendered":"","protected":false},"author":2,"featured_media":0,"parent":9,"menu_order":10,"comment_status":"open","ping_status":"closed","template":"","meta":{"footnotes":""},"class_list":["post-82","page","type-page","status-publish","hentry"],"_links":{"self":[{"href":"https:\/\/geospatial-akademie.visual-image.de\/index.php\/wp-json\/wp\/v2\/pages\/82","targetHints":{"allow":["GET"]}}],"collection":[{"href":"https:\/\/geospatial-akademie.visual-image.de\/index.php\/wp-json\/wp\/v2\/pages"}],"about":[{"href":"https:\/\/geospatial-akademie.visual-image.de\/index.php\/wp-json\/wp\/v2\/types\/page"}],"author":[{"embeddable":true,"href":"https:\/\/geospatial-akademie.visual-image.de\/index.php\/wp-json\/wp\/v2\/users\/2"}],"replies":[{"embeddable":true,"href":"https:\/\/geospatial-akademie.visual-image.de\/index.php\/wp-json\/wp\/v2\/comments?post=82"}],"version-history":[{"count":87,"href":"https:\/\/geospatial-akademie.visual-image.de\/index.php\/wp-json\/wp\/v2\/pages\/82\/revisions"}],"predecessor-version":[{"id":1221,"href":"https:\/\/geospatial-akademie.visual-image.de\/index.php\/wp-json\/wp\/v2\/pages\/82\/revisions\/1221"}],"up":[{"embeddable":true,"href":"https:\/\/geospatial-akademie.visual-image.de\/index.php\/wp-json\/wp\/v2\/pages\/9"}],"wp:attachment":[{"href":"https:\/\/geospatial-akademie.visual-image.de\/index.php\/wp-json\/wp\/v2\/media?parent=82"}],"curies":[{"name":"wp","href":"https:\/\/api.w.org\/{rel}","templated":true}]}}