{"id":825,"date":"2015-12-17T13:05:36","date_gmt":"2015-12-17T11:05:36","guid":{"rendered":"https:\/\/geospatial-akademie.visual-image.de\/?page_id=825"},"modified":"2020-01-09T10:59:38","modified_gmt":"2020-01-09T08:59:38","slug":"kompaktschulung","status":"publish","type":"page","link":"https:\/\/geospatial-akademie.visual-image.de\/index.php\/schulung\/kompaktschulung\/","title":{"rendered":"Kompaktschulung Trimble Access\/Business Center"},"content":{"rendered":"<div id='layer_slider_1'  class='avia-layerslider main_color avia-shadow  avia-builder-el-0  el_before_av_two_third  avia-builder-el-first  container_wrap sidebar_right'  style='height: 151px; max-width: 1140px; margin: 0 auto;'  ><\/div><div id='after_layer_slider_1'  class='main_color av_default_container_wrap container_wrap sidebar_right'  ><div class='container av-section-cont-open' ><div class='template-page content  av-content-small alpha units'><div class='post-entry post-entry-type-page post-entry-825'><div class='entry-content-wrapper clearfix'>\n\n<style type=\"text\/css\" data-created_by=\"avia_inline_auto\" id=\"style-css-av-1gx3yx-bc9319c833584ce5e9d3cafaa93db8e1\">\n.flex_column.av-1gx3yx-bc9319c833584ce5e9d3cafaa93db8e1{\nborder-radius:0px 0px 0px 0px;\npadding:0px 0px 0px 0px;\n}\n<\/style>\n<div  class='flex_column av-1gx3yx-bc9319c833584ce5e9d3cafaa93db8e1 av_two_third  avia-builder-el-1  el_after_av_layerslider  el_before_av_one_third  avia-builder-el-first  first flex_column_div av-zero-column-padding  '     ><section  class='av_textblock_section av-1amvoh-76da4484fe3fb6bc39eea854cdfaf5d1 '   itemscope=\"itemscope\" itemtype=\"https:\/\/schema.org\/CreativeWork\" ><div class='avia_textblock'  itemprop=\"text\" ><h1><span style=\"color: #1d5693;\">Kompaktschulung \u2013 Vermessung mit Trimble Access und Trimble Business Center Software<\/span><\/h1>\n<p><strong>Beschreibung:<\/strong><\/p>\n<p>In dieser Schulung lernen Sie die notwendigen Grundlagen f\u00fcr die erfolgreiche Nutzung Ihres Trimble Vermessungssystems. Sie lernen gezielt den Umgang mit den grundlegenden Programmfunktionen f\u00fcr die Vermessung und die Absteckung. Dar\u00fcber hinaus widmet sich die Schulung dem Datenaustausch und der -weiterverarbeitung mit der B\u00fcrosoftware Trimble Business Center<\/p>\n<p><strong>Inhalte:<\/strong><\/p>\n<p>Trimble Access<\/p>\n<ul>\n<li>Projekte einrichten und verwalten<\/li>\n<li>Koordinatensysteme verwenden (Gau\u00df-Kr\u00fcger, UTM, lokal)<\/li>\n<li>Einstellungen GNSS-Vermessung (Vermessungsstil, GNSS-Kontakt)<\/li>\n<li>Berechnungen und Protokolle<\/li>\n<\/ul>\n<p>Trimble Business Center<\/p>\n<ul>\n<li>Projekte und Vorlagen<\/li>\n<li>Werkzeuge f\u00fcr die Datenverarbeitung<\/li>\n<li>Visualisierung von Daten<\/li>\n<li>Auswertung unterschiedlicher Messdaten (GNSS, Tachymeter, Photogrammetrie)<\/li>\n<li>Import und Export<\/li>\n<li>Dokumentation\/Messprotokolle<\/li>\n<li>Verarbeiten und Anwenden von Objektbibliotheken<\/li>\n<\/ul>\n<p><strong>Nutzen:<\/strong><\/p>\n<ul>\n<li>Grundkenntnisse f\u00fcr Neueinsteiger<\/li>\n<li>Sicherheit f\u00fcr Anwender mit ersten Erfahrungen<\/li>\n<li>Schnelle Einarbeitung neuer Mitarbeiter<\/li>\n<li>Erh\u00f6hte Zuverl\u00e4ssigkeit durch korrekte Einstellungen<\/li>\n<li>Sichere Bedienung des Messsystems<\/li>\n<li>Vereinfachung der Bedienung \/ Anwenderprofil<\/li>\n<li>H\u00f6here Produktivit\u00e4t der Messtrupps<\/li>\n<\/ul>\n<p><strong>Teilnehmer \/ Voraussetzungen:<\/strong><\/p>\n<p>Die Schulung richtet sich an Einsteiger und an Anwender mit ersten Erfahrungen mit Trimble Vermessungssystemen. Unsere Schulungen bauen immer auf der aktuellen Version auf.<\/p>\n<\/div><\/section><\/div>\n\n<style type=\"text\/css\" data-created_by=\"avia_inline_auto\" id=\"style-css-av-3z2bt-2533dd4d5c92e257fe1cbdef228799b8\">\n.flex_column.av-3z2bt-2533dd4d5c92e257fe1cbdef228799b8{\nborder-radius:0px 0px 0px 0px;\npadding:0px 0px 0px 0px;\n}\n<\/style>\n<div  class='flex_column av-3z2bt-2533dd4d5c92e257fe1cbdef228799b8 av_one_third  avia-builder-el-3  el_after_av_two_third  avia-builder-el-last  flex_column_div av-zero-column-padding  '     ><p><div  class='avia-button-wrap av-ytur5-2778bd7add15ed27a695e2d83ae199b2-wrap avia-button-center  avia-builder-el-4  el_before_av_tab_container  avia-builder-el-first '><a href='https:\/\/geospatial-akademie.visual-image.de\/index.php\/anmeldung\/'  class='avia-button av-ytur5-2778bd7add15ed27a695e2d83ae199b2 avia-icon_select-yes-left-icon avia-size-large avia-position-center avia-color-grey'  ><span class='avia_button_icon avia_button_icon_left' aria-hidden='true' data-av_icon='\ue836' data-av_iconfont='entypo-fontello'><\/span><span class='avia_iconbox_title' >Hier geht\u2019s zur Anmeldung<\/span><\/a><\/div><br \/>\n<div  class='tabcontainer av-rlz1l-d589acc9021569705b1407128c67e46c top_tab  avia-builder-el-5  el_after_av_button  avia-builder-el-last ' role='tablist'>\n<section class='av_tab_section av_tab_section av-nl7mh-aa9a03b549889bbea929586e72c6307a'  itemscope=\"itemscope\" itemtype=\"https:\/\/schema.org\/CreativeWork\" ><div class='tab active_tab' role='tab' tabindex='0' data-fake-id='#tab-id-1' aria-controls='tab-id-1-content'  itemprop=\"headline\" ><span class='tab_icon' aria-hidden='true' data-av_icon='\ue81e' data-av_iconfont='entypo-fontello'><\/span>\u00dcbersicht<\/div><div id='tab-id-1-content' class='tab_content active_tab_content' aria-hidden=\"false\"><div class='tab_inner_content invers-color'  itemprop=\"text\" ><p><strong>Kosten:<\/strong><\/p>\n<p>450,00 Euro pro Teilnehmer inkl. Schulungsunterlagen, Getr\u00e4nke, Essen<\/p>\n<p><strong>Teilnehmerzahl:<\/strong><\/p>\n<p>mindestens 4 \/ maximal 8<\/p>\n<\/div><\/div><\/section>\n<section class='av_tab_section av_tab_section av-fq49l-b1dc363863ea3a3027580da8077f5bba'  itemscope=\"itemscope\" itemtype=\"https:\/\/schema.org\/CreativeWork\" ><div class='tab' role='tab' tabindex='0' data-fake-id='#tab-id-2' aria-controls='tab-id-2-content'  itemprop=\"headline\" ><span class='tab_icon' aria-hidden='true' data-av_icon='\ue85b' data-av_iconfont='entypo-fontello'><\/span>Termine<\/div><div id='tab-id-2-content' class='tab_content' aria-hidden=\"true\"><div class='tab_inner_content invers-color'  itemprop=\"text\" ><p>[events_show category=&#8220;20&#8243;]<\/p>\n<p>Gerne unterbreiten wir Ihnen auch ein Angebot f\u00fcr eine Schulung in Ihrem Unternehmen. Treten Sie mit uns in Kontakt.<\/p>\n<\/div><\/div><\/section>\n<section class='av_tab_section av_tab_section av-av_tab-6494c9a5f7c6791678bd25d775313bb2'  itemscope=\"itemscope\" itemtype=\"https:\/\/schema.org\/CreativeWork\" ><div class='tab' role='tab' tabindex='0' data-fake-id='#tab-id-3' aria-controls='tab-id-3-content'  itemprop=\"headline\" ><span class='tab_icon' aria-hidden='true' data-av_icon='\ue80a' data-av_iconfont='entypo-fontello'><\/span>Referent<\/div><div id='tab-id-3-content' class='tab_content' aria-hidden=\"true\"><div class='tab_inner_content invers-color'  itemprop=\"text\" ><ul>\n<li>Sandro M\u00fcller<\/li>\n<li>Tobias Wicht<\/li>\n<\/ul>\n<\/div><\/div><\/section>\n<\/div><\/p><\/div>\n","protected":false},"excerpt":{"rendered":"","protected":false},"author":5,"featured_media":0,"parent":9,"menu_order":0,"comment_status":"closed","ping_status":"closed","template":"","meta":{"footnotes":""},"class_list":["post-825","page","type-page","status-publish","hentry"],"_links":{"self":[{"href":"https:\/\/geospatial-akademie.visual-image.de\/index.php\/wp-json\/wp\/v2\/pages\/825","targetHints":{"allow":["GET"]}}],"collection":[{"href":"https:\/\/geospatial-akademie.visual-image.de\/index.php\/wp-json\/wp\/v2\/pages"}],"about":[{"href":"https:\/\/geospatial-akademie.visual-image.de\/index.php\/wp-json\/wp\/v2\/types\/page"}],"author":[{"embeddable":true,"href":"https:\/\/geospatial-akademie.visual-image.de\/index.php\/wp-json\/wp\/v2\/users\/5"}],"replies":[{"embeddable":true,"href":"https:\/\/geospatial-akademie.visual-image.de\/index.php\/wp-json\/wp\/v2\/comments?post=825"}],"version-history":[{"count":18,"href":"https:\/\/geospatial-akademie.visual-image.de\/index.php\/wp-json\/wp\/v2\/pages\/825\/revisions"}],"predecessor-version":[{"id":1276,"href":"https:\/\/geospatial-akademie.visual-image.de\/index.php\/wp-json\/wp\/v2\/pages\/825\/revisions\/1276"}],"up":[{"embeddable":true,"href":"https:\/\/geospatial-akademie.visual-image.de\/index.php\/wp-json\/wp\/v2\/pages\/9"}],"wp:attachment":[{"href":"https:\/\/geospatial-akademie.visual-image.de\/index.php\/wp-json\/wp\/v2\/media?parent=825"}],"curies":[{"name":"wp","href":"https:\/\/api.w.org\/{rel}","templated":true}]}}