{"id":9,"date":"2013-10-21T23:39:14","date_gmt":"2013-10-21T21:39:14","guid":{"rendered":"http:\/\/wordpress.p206744.webspaceconfig.de\/?page_id=9"},"modified":"2016-01-19T17:44:15","modified_gmt":"2016-01-19T15:44:15","slug":"schulung","status":"publish","type":"page","link":"https:\/\/geospatial-akademie.visual-image.de\/index.php\/schulung\/","title":{"rendered":"Schulung"},"content":{"rendered":"<div id='layer_slider_1'  class='avia-layerslider main_color avia-shadow  avia-builder-el-0  el_before_av_textblock  avia-builder-el-first  container_wrap sidebar_right'  style='height: 401px; max-width: 1130px; margin: 0 auto;'  ><\/div><div id='after_layer_slider_1'  class='main_color av_default_container_wrap container_wrap sidebar_right'  ><div class='container av-section-cont-open' ><div class='template-page content  av-content-small alpha units'><div class='post-entry post-entry-type-page post-entry-9'><div class='entry-content-wrapper clearfix'>\n<section  class='av_textblock_section av-av_textblock-aaf3a53f7e22769a7798f31e42769683 '   itemscope=\"itemscope\" itemtype=\"https:\/\/schema.org\/CreativeWork\" ><div class='avia_textblock'  itemprop=\"text\" ><h1><span style=\"color: #1d5693;\">Schulung<\/span><\/h1>\n<p>Wir bieten Schulungen rund um die unterschiedlichen L\u00f6sungen aus dem Hause Trimble an. W\u00fcnschen Sie eine individuelle Schulung in Ihrem Hause, angepasst auf Ihre Bed\u00fcrfnisse, stehen wir Ihnen auch hier kompetent zur Seite. Wir arbeiten die Inhalte der Schulung entsprechend Ihrer Zielstellung aus.<\/p>\n<p>Nehmen Sie mit uns <a title=\"Kontakt\" href=\"https:\/\/geospatial-akademie.visual-image.de\/?page_id=18\">Kontakt<\/a> auf. Wir unterbreiten Ihnen gerne ein Angebot.<\/p>\n<\/div><\/section>\n","protected":false},"excerpt":{"rendered":"","protected":false},"author":2,"featured_media":0,"parent":0,"menu_order":0,"comment_status":"open","ping_status":"closed","template":"","meta":{"footnotes":""},"class_list":["post-9","page","type-page","status-publish","hentry"],"_links":{"self":[{"href":"https:\/\/geospatial-akademie.visual-image.de\/index.php\/wp-json\/wp\/v2\/pages\/9","targetHints":{"allow":["GET"]}}],"collection":[{"href":"https:\/\/geospatial-akademie.visual-image.de\/index.php\/wp-json\/wp\/v2\/pages"}],"about":[{"href":"https:\/\/geospatial-akademie.visual-image.de\/index.php\/wp-json\/wp\/v2\/types\/page"}],"author":[{"embeddable":true,"href":"https:\/\/geospatial-akademie.visual-image.de\/index.php\/wp-json\/wp\/v2\/users\/2"}],"replies":[{"embeddable":true,"href":"https:\/\/geospatial-akademie.visual-image.de\/index.php\/wp-json\/wp\/v2\/comments?post=9"}],"version-history":[{"count":14,"href":"https:\/\/geospatial-akademie.visual-image.de\/index.php\/wp-json\/wp\/v2\/pages\/9\/revisions"}],"predecessor-version":[{"id":221,"href":"https:\/\/geospatial-akademie.visual-image.de\/index.php\/wp-json\/wp\/v2\/pages\/9\/revisions\/221"}],"wp:attachment":[{"href":"https:\/\/geospatial-akademie.visual-image.de\/index.php\/wp-json\/wp\/v2\/media?parent=9"}],"curies":[{"name":"wp","href":"https:\/\/api.w.org\/{rel}","templated":true}]}}